{"id":4561,"date":"2024-01-04T13:30:19","date_gmt":"2024-01-04T12:30:19","guid":{"rendered":"https:\/\/eshop.twa.cz\/eshop\/?post_type=product&#038;p=4561"},"modified":"2024-02-15T23:06:07","modified_gmt":"2024-02-15T22:06:07","slug":"bedynka-na-detekci-pachu","status":"publish","type":"product","link":"https:\/\/eshop.twa.cz\/eshop\/produkt\/bedynka-na-detekci-pachu\/","title":{"rendered":"Bed\u00fdnka na detekci pach\u016f"},"content":{"rendered":"<p>Bed\u00fdnka je dal\u0161\u00ed pom\u016fckov\u00fd n\u00e1stroj, kter\u00fd l\u00e9pe vysv\u011btluje a u\u010d\u00ed psy detekovat jednotliv\u00e9 pachy. D\u00edky m\u0159\u00ed\u017ece, kter\u00e1 je um\u00edst\u011bn\u00e1 v \u010dichac\u00edm otvoru pes nem\u016f\u017ee pach detekovat zrakem. Bed\u00fdnka je dostate\u010dn\u011b velk\u00e1 pro um\u00edst\u011bn\u00ed nejr\u016fzn\u011bj\u0161\u00edch p\u0159edm\u011bt\u016f s pachem do vnit\u0159ku bed\u00fdnky a otvor, kter\u00fd slou\u017e\u00ed pro prvn\u00ed vysv\u011btlen\u00ed je p\u0159izp\u016fsoben v\u0161em velikostem ps\u00edch \u010dum\u00e1k\u016f. Bed\u00fdnka je vyroben\u00e1 z lodn\u00ed p\u0159ekli\u017eky a je odoln\u00e1 v\u016f\u010di vlhku a jin\u00fdm nep\u0159\u00edzn\u00edv\u00fdm vn\u011bj\u0161\u00edm podm\u00ednk\u00e1m.<\/p>\n","protected":false},"excerpt":{"rendered":"<p>Bed\u00fdnka je dal\u0161\u00ed pom\u016fckov\u00fd n\u00e1stroj, kter\u00fd l\u00e9pe vysv\u011btluje a u\u010d\u00ed psy detekovat jednotliv\u00e9 pachy. D\u00edky m\u0159\u00ed\u017ece, kter\u00e1 je um\u00edst\u011bn\u00e1 v \u010dichac\u00edm otvoru pes nem\u016f\u017ee pach detekovat zrakem. Bed\u00fdnka je dostate\u010dn\u011b velk\u00e1 pro um\u00edst\u011bn\u00ed nejr\u016fzn\u011bj\u0161\u00edch p\u0159edm\u011bt\u016f s pachem do vnit\u0159ku bed\u00fdnky a otvor, kter\u00fd slou\u017e\u00ed pro prvn\u00ed vysv\u011btlen\u00ed je p\u0159izp\u016fsoben v\u0161em velikostem ps\u00edch \u010dum\u00e1k\u016f. Bed\u00fdnka je &hellip;<\/p>\n<p class=\"read-more\"> <a class=\"\" href=\"https:\/\/eshop.twa.cz\/eshop\/produkt\/bedynka-na-detekci-pachu\/\"> <span class=\"screen-reader-text\">Bed\u00fdnka na detekci pach\u016f<\/span> Pokra\u010dovat ve \u010dten\u00ed &raquo;<\/a><\/p>\n","protected":false},"featured_media":4562,"template":"","meta":{"site-sidebar-layout":"default","site-content-layout":"","ast-site-content-layout":"default","site-content-style":"default","site-sidebar-style":"default","ast-global-header-display":"","ast-banner-title-visibility":"","ast-main-header-display":"","ast-hfb-above-header-display":"","ast-hfb-below-header-display":"","ast-hfb-mobile-header-display":"","site-post-title":"","ast-breadcrumbs-content":"","ast-featured-img":"","footer-sml-layout":"","theme-transparent-header-meta":"default","adv-header-id-meta":"","stick-header-meta":"","header-above-stick-meta":"","header-main-stick-meta":"","header-below-stick-meta":"","astra-migrate-meta-layouts":"set","ast-page-background-enabled":"default","ast-page-background-meta":{"desktop":{"background-color":"","background-image":"","background-repeat":"repeat","background-position":"center center","background-size":"auto","background-attachment":"scroll","background-type":"","background-media":"","overlay-type":"","overlay-color":"","overlay-gradient":""},"tablet":{"background-color":"","background-image":"","background-repeat":"repeat","background-position":"center center","background-size":"auto","background-attachment":"scroll","background-type":"","background-media":"","overlay-type":"","overlay-color":"","overlay-gradient":""},"mobile":{"background-color":"","background-image":"","background-repeat":"repeat","background-position":"center center","background-size":"auto","background-attachment":"scroll","background-type":"","background-media":"","overlay-type":"","overlay-color":"","overlay-gradient":""}},"ast-content-background-meta":{"desktop":{"background-color":"var(--ast-global-color-5)","background-image":"","background-repeat":"repeat","background-position":"center center","background-size":"auto","background-attachment":"scroll","background-type":"","background-media":"","overlay-type":"","overlay-color":"","overlay-gradient":""},"tablet":{"background-color":"var(--ast-global-color-5)","background-image":"","background-repeat":"repeat","background-position":"center center","background-size":"auto","background-attachment":"scroll","background-type":"","background-media":"","overlay-type":"","overlay-color":"","overlay-gradient":""},"mobile":{"background-color":"var(--ast-global-color-5)","background-image":"","background-repeat":"repeat","background-position":"center center","background-size":"auto","background-attachment":"scroll","background-type":"","background-media":"","overlay-type":"","overlay-color":"","overlay-gradient":""}}},"product_cat":[94],"product_tag":[],"class_list":{"0":"post-4561","1":"product","2":"type-product","3":"status-publish","4":"has-post-thumbnail","6":"product_cat-nosework-a-pachove-prace","7":"desktop-align-left","8":"tablet-align-left","9":"mobile-align-left","11":"first","12":"instock","13":"taxable","14":"shipping-taxable","15":"purchasable","16":"product-type-simple"},"_links":{"self":[{"href":"https:\/\/eshop.twa.cz\/eshop\/wp-json\/wp\/v2\/product\/4561","targetHints":{"allow":["GET"]}}],"collection":[{"href":"https:\/\/eshop.twa.cz\/eshop\/wp-json\/wp\/v2\/product"}],"about":[{"href":"https:\/\/eshop.twa.cz\/eshop\/wp-json\/wp\/v2\/types\/product"}],"version-history":[{"count":5,"href":"https:\/\/eshop.twa.cz\/eshop\/wp-json\/wp\/v2\/product\/4561\/revisions"}],"predecessor-version":[{"id":4785,"href":"https:\/\/eshop.twa.cz\/eshop\/wp-json\/wp\/v2\/product\/4561\/revisions\/4785"}],"wp:featuredmedia":[{"embeddable":true,"href":"https:\/\/eshop.twa.cz\/eshop\/wp-json\/wp\/v2\/media\/4562"}],"wp:attachment":[{"href":"https:\/\/eshop.twa.cz\/eshop\/wp-json\/wp\/v2\/media?parent=4561"}],"wp:term":[{"taxonomy":"product_cat","embeddable":true,"href":"https:\/\/eshop.twa.cz\/eshop\/wp-json\/wp\/v2\/product_cat?post=4561"},{"taxonomy":"product_tag","embeddable":true,"href":"https:\/\/eshop.twa.cz\/eshop\/wp-json\/wp\/v2\/product_tag?post=4561"}],"curies":[{"name":"wp","href":"https:\/\/api.w.org\/{rel}","templated":true}]}}