{"id":4683,"date":"2024-01-05T11:58:43","date_gmt":"2024-01-05T10:58:43","guid":{"rendered":"https:\/\/eshop.twa.cz\/eshop\/?post_type=product&#038;p=4683"},"modified":"2024-02-21T22:54:42","modified_gmt":"2024-02-21T21:54:42","slug":"prepravni-box-pro-psy","status":"publish","type":"product","link":"https:\/\/eshop.twa.cz\/eshop\/produkt\/prepravni-box-pro-psy\/","title":{"rendered":"P\u0159epravn\u00ed box pro psy"},"content":{"rendered":"<iframe  style=\"display: block; margin: 0px auto;\"  id=\"_ytid_69323\"  width=\"800\" height=\"450\"  data-origwidth=\"800\" data-origheight=\"450\"  data-relstop=\"1\" src=\"https:\/\/www.youtube.com\/embed\/SY80fjnHvZ4?enablejsapi=1&autoplay=0&cc_load_policy=0&iv_load_policy=1&loop=0&modestbranding=1&fs=1&playsinline=0&controls=0&color=red&cc_lang_pref=&rel=0&autohide=2&theme=dark&\" class=\"__youtube_prefs__  no-lazyload\" title=\"YouTube player\"  allow=\"fullscreen; accelerometer; autoplay; clipboard-write; encrypted-media; gyroscope; picture-in-picture\" allowfullscreen data-no-lazy=\"1\" data-skipgform_ajax_framebjll=\"\"><\/iframe>\n<p style=\"margin-top:2rem;\">Z ned\u00e1vn\u00e9ho pr\u016fzkumu automobilky Ford vyplynulo, \u017ee je\u0161t\u011b st\u00e1le t\u00e9m\u011b\u0159 40% procent \u0159idi\u010d\u016f nijak nezabezpe\u010duj\u00ed sv\u00e9 psy v aut\u011b. Jedna t\u0159etina jako d\u016fvod uv\u00e1d\u00ed, \u017ee se to zv\u00ed\u0159eti nel\u00edb\u00ed, dal\u0161\u00ed t\u0159etina to na kr\u00e1tk\u00fdch cest\u00e1ch nepova\u017euje za nutn\u00e9 a 14 procent jich nem\u00e1 v aut\u011b m\u00edsto na p\u0159epravku, do n\u00ed\u017e by psa um\u00edstili. A p\u0159itom nikdo nepochybuje o nutnosti vozit d\u011bti v bezpe\u010dn\u00fdch autoseda\u010dk\u00e1ch. Tak pro\u010d jsme schopn\u00ed vystavovat na\u0161e psy nebezpe\u010d\u00ed, kter\u00e9 jim hroz\u00ed, pokud nejsou zaji\u0161t\u011bn\u00ed? V\u017edy\u0165 \u0161patn\u011b zaji\u0161t\u011bn\u00e9mu zv\u00ed\u0159eti hroz\u00ed p\u0159i nehod\u011b t\u011b\u017ek\u00e9 zran\u011bn\u00ed nebo smrt, samo m\u016f\u017ee v\u00e1\u017en\u011b zranit, nebo dokonce zab\u00edt pos\u00e1dku auta.<\/p>\n<p>A v\u011bd\u011bli jste, \u017ee policie m\u016f\u017ee v takov\u00e9m p\u0159\u00edpad\u011b potrestat \u0159idi\u010de i dvoutis\u00edcovou pokutou? A to nemluv\u00edme o tom, \u017ee si \u0159idi\u010d zahr\u00e1v\u00e1 i s p\u0159edpisy t\u00fdkaj\u00edc\u00edmi se t\u00fdr\u00e1n\u00ed zv\u00ed\u0159at, kde jsou postihy n\u00e1sobn\u011b vy\u0161\u0161\u00ed? Nejedn\u00e1 se pouze o bezpe\u010dnost zv\u00ed\u0159ete, ale tak\u00e9 v\u0161ech ostatn\u00edch cestuj\u00edc\u00edch ve vozidle.<\/p>\n<h3><strong>A pro\u010d z polypropylenu? <\/strong><\/h3>\n<p>Proto\u017ee d\u00edky vlastnostem polypropylenu jsou boxy velmi odoln\u00e9 v\u016f\u010di jak\u00e9mukoliv vn\u011bj\u0161\u00edmu i vnit\u0159n\u00edmu po\u0161kozen\u00ed, jsou n\u00edzko\u00fadr\u017ebov\u00e9 a jsou velmi odoln\u00e9 v\u016f\u010di aktivn\u00edm ps\u016fm \u2013 designer\u016fm, nebo\u0165 tento materi\u00e1l je \u0161etrn\u00fd v\u016f\u010di zub\u016fm a jin\u00fdm mo\u017en\u00fdm zran\u011bn\u00edm zp\u016fsoben\u00fdm aktivitou psa uvnit\u0159 boxu. Polypropylenov\u00e9 boxy \u00a0jsou pru\u017en\u011bj\u0161\u00ed, co\u017e m\u00e1 za n\u00e1sledek jejich lep\u0161\u00ed odolnost ve zt\u00ed\u017een\u00fdch podm\u00ednk\u00e1ch. Jsou odoln\u00e9 v\u016f\u010di koroz\u00edm.<\/p>\n<h3><strong>Jak vybrat spr\u00e1vnou klec? <\/strong><\/h3>\n<p>Nen\u00ed to tak t\u011b\u017ek\u00e9, jak by se mohlo na prvn\u00ed pohled zd\u00e1t. Sta\u010d\u00ed zn\u00e1t velikost Va\u0161eho psa (kohoutkov\u00e1 m\u00edra) a model Va\u0161eho auta. O ostatn\u00ed se postar\u00e1me my.<\/p>\n<h3><strong>A jak to tedy funguje? <\/strong><\/h3>\n<p>Sta\u010d\u00ed n\u00e1m zatelefonovat nebo napsat na uveden\u00e9 kontakty a sd\u011blit n\u00e1m Va\u0161e po\u017eadavky, my bu\u010f za V\u00e1mi dojedeme a zm\u011b\u0159\u00edme si plochu pro box ve Va\u0161em automobilu nebo n\u00e1m po\u0161lete rozm\u011bry kufru nebo m\u00edsta, kde m\u00e1 b\u00fdt box um\u00edst\u011bn. Jakmile budeme m\u00edt tyto \u00fadaje, za\u010d\u00edn\u00e1me V\u00e1\u0161 box vyr\u00e1b\u011bt a do t\u00fddne ho m\u00e1te doma.<\/p>\n<p>Vyr\u00e1b\u00edme boxy pro psy v\u0161ech velikost\u00ed, dvojboxy pro dva psy nebo boxy i pro v\u00edce zv\u00ed\u0159at, av\u0161ak v\u017edy s ohledem na jejich bezpe\u010dnost a pohodl\u00ed.<\/p>\n<p>V\u0161echny na\u0161e boxy maj\u00ed nouzov\u00fd v\u00fdchod pro p\u0159\u00edpad nehody.<\/p>\n<h3><strong>Realizace<\/strong><\/h3>\n<p><a class=\"odkaz-vyrazny\" href=\"https:\/\/eshop.twa.cz\/eshop\/prepravni-box\/\">Zde m\u016f\u017eete vid\u011bt galerii ji\u017e realizovan\u00fdch zak\u00e1zek box\u016f.<\/a><\/p>\n<ul>\n<li>Na realizaci boxu budeme po\u017eadovat 50% ceny p\u0159edem na z\u00e1lohovou fakturu.<\/li>\n<li>Cena je na dotaz, proto\u017ee se odv\u00edj\u00ed od velikosti psa,auta a dal\u0161\u00edch parametr\u016f. Orienta\u010dn\u011b ceny za\u010d\u00ednaj\u00ed na 4000,- K\u010d.<\/li>\n<\/ul>\n","protected":false},"excerpt":{"rendered":"<p>Vyr\u00e1b\u00edme boxy pro psy v\u0161ech velikost\u00ed, dvojboxy pro dva psy nebo boxy i pro v\u00edce zv\u00ed\u0159at, av\u0161ak v\u017edy s ohledem na jejich bezpe\u010dnost a pohodl\u00ed. V\u0161echny na\u0161e boxy maj\u00ed nouzov\u00fd v\u00fdchod pro p\u0159\u00edpad nehody.<\/p>\n","protected":false},"featured_media":4687,"template":"","meta":{"site-sidebar-layout":"default","site-content-layout":"","ast-site-content-layout":"default","site-content-style":"default","site-sidebar-style":"default","ast-global-header-display":"","ast-banner-title-visibility":"","ast-main-header-display":"","ast-hfb-above-header-display":"","ast-hfb-below-header-display":"","ast-hfb-mobile-header-display":"","site-post-title":"","ast-breadcrumbs-content":"","ast-featured-img":"","footer-sml-layout":"","theme-transparent-header-meta":"default","adv-header-id-meta":"","stick-header-meta":"","header-above-stick-meta":"","header-main-stick-meta":"","header-below-stick-meta":"","astra-migrate-meta-layouts":"set","ast-page-background-enabled":"default","ast-page-background-meta":{"desktop":{"background-color":"","background-image":"","background-repeat":"repeat","background-position":"center center","background-size":"auto","background-attachment":"scroll","background-type":"","background-media":"","overlay-type":"","overlay-color":"","overlay-gradient":""},"tablet":{"background-color":"","background-image":"","background-repeat":"repeat","background-position":"center center","background-size":"auto","background-attachment":"scroll","background-type":"","background-media":"","overlay-type":"","overlay-color":"","overlay-gradient":""},"mobile":{"background-color":"","background-image":"","background-repeat":"repeat","background-position":"center center","background-size":"auto","background-attachment":"scroll","background-type":"","background-media":"","overlay-type":"","overlay-color":"","overlay-gradient":""}},"ast-content-background-meta":{"desktop":{"background-color":"var(--ast-global-color-5)","background-image":"","background-repeat":"repeat","background-position":"center center","background-size":"auto","background-attachment":"scroll","background-type":"","background-media":"","overlay-type":"","overlay-color":"","overlay-gradient":""},"tablet":{"background-color":"var(--ast-global-color-5)","background-image":"","background-repeat":"repeat","background-position":"center center","background-size":"auto","background-attachment":"scroll","background-type":"","background-media":"","overlay-type":"","overlay-color":"","overlay-gradient":""},"mobile":{"background-color":"var(--ast-global-color-5)","background-image":"","background-repeat":"repeat","background-position":"center center","background-size":"auto","background-attachment":"scroll","background-type":"","background-media":"","overlay-type":"","overlay-color":"","overlay-gradient":""}}},"product_cat":[97],"product_tag":[],"class_list":{"0":"post-4683","1":"product","2":"type-product","3":"status-publish","4":"has-post-thumbnail","6":"product_cat-prevozni-boxy-do-automobilu-a-klece-do-bytu","7":"desktop-align-left","8":"tablet-align-left","9":"mobile-align-left","11":"first","12":"onbackorder","13":"featured","14":"taxable","15":"shipping-taxable","16":"product-type-simple"},"_links":{"self":[{"href":"https:\/\/eshop.twa.cz\/eshop\/wp-json\/wp\/v2\/product\/4683","targetHints":{"allow":["GET"]}}],"collection":[{"href":"https:\/\/eshop.twa.cz\/eshop\/wp-json\/wp\/v2\/product"}],"about":[{"href":"https:\/\/eshop.twa.cz\/eshop\/wp-json\/wp\/v2\/types\/product"}],"version-history":[{"count":13,"href":"https:\/\/eshop.twa.cz\/eshop\/wp-json\/wp\/v2\/product\/4683\/revisions"}],"predecessor-version":[{"id":4843,"href":"https:\/\/eshop.twa.cz\/eshop\/wp-json\/wp\/v2\/product\/4683\/revisions\/4843"}],"wp:featuredmedia":[{"embeddable":true,"href":"https:\/\/eshop.twa.cz\/eshop\/wp-json\/wp\/v2\/media\/4687"}],"wp:attachment":[{"href":"https:\/\/eshop.twa.cz\/eshop\/wp-json\/wp\/v2\/media?parent=4683"}],"wp:term":[{"taxonomy":"product_cat","embeddable":true,"href":"https:\/\/eshop.twa.cz\/eshop\/wp-json\/wp\/v2\/product_cat?post=4683"},{"taxonomy":"product_tag","embeddable":true,"href":"https:\/\/eshop.twa.cz\/eshop\/wp-json\/wp\/v2\/product_tag?post=4683"}],"curies":[{"name":"wp","href":"https:\/\/api.w.org\/{rel}","templated":true}]}}