{"id":4786,"date":"2024-02-15T23:09:47","date_gmt":"2024-02-15T22:09:47","guid":{"rendered":"https:\/\/eshop.twa.cz\/eshop\/?post_type=product&#038;p=4786"},"modified":"2024-02-21T11:58:36","modified_gmt":"2024-02-21T10:58:36","slug":"motivacni-bedynka","status":"publish","type":"product","link":"https:\/\/eshop.twa.cz\/eshop\/produkt\/motivacni-bedynka\/","title":{"rendered":"Motiva\u010dn\u00ed bed\u00fdnka"},"content":{"rendered":"<p>Motiva\u010dn\u00ed bed\u00fdnka je jeden ze z\u00e1kladn\u00edch n\u00e1stroj\u016f pro tr\u00e9nink ps\u016f a m\u00e1 v\u0161estrann\u00e9 vyu\u017e\u00edt\u00ed. Lze ji pou\u017e\u00edt jako n\u00e1stroj pro kontrolu motivace psa ke spolupr\u00e1ci, d\u00e1le se vyu\u017e\u00edv\u00e1 k tr\u00e9ninku odolnosti, k tr\u00e9ninku zam\u011b\u0159en\u00ed, soust\u0159ed\u011bn\u00ed, p\u0159esm\u011brov\u00e1n\u00ed chov\u00e1n\u00ed apod. Bed\u00fdnky vyr\u00e1b\u00edme na objedn\u00e1vku dle velikosti psa.<\/p>\n<p>Vyr\u00e1b\u00edme ji z lodn\u00ed p\u0159ekli\u017eky, je vod\u011bodoln\u00e1 a bez\u00fadr\u017ebov\u00e1.<\/p>\n","protected":false},"excerpt":{"rendered":"<p>Motiva\u010dn\u00ed bed\u00fdnka je jeden ze z\u00e1kladn\u00edch n\u00e1stroj\u016f pro tr\u00e9nink ps\u016f a m\u00e1 v\u0161estrann\u00e9 vyu\u017e\u00edt\u00ed. Lze ji pou\u017e\u00edt jako n\u00e1stroj pro kontrolu motivace psa ke spolupr\u00e1ci, d\u00e1le se vyu\u017e\u00edv\u00e1 k tr\u00e9ninku odolnosti, k tr\u00e9ninku zam\u011b\u0159en\u00ed, soust\u0159ed\u011bn\u00ed, p\u0159esm\u011brov\u00e1n\u00ed chov\u00e1n\u00ed apod. Bed\u00fdnky vyr\u00e1b\u00edme na objedn\u00e1vku dle velikosti psa. Vyr\u00e1b\u00edme ji z lodn\u00ed p\u0159ekli\u017eky, je vod\u011bodoln\u00e1 a bez\u00fadr\u017ebov\u00e1.<\/p>\n","protected":false},"featured_media":4787,"template":"","meta":{"site-sidebar-layout":"default","site-content-layout":"","ast-site-content-layout":"default","site-content-style":"default","site-sidebar-style":"default","ast-global-header-display":"","ast-banner-title-visibility":"","ast-main-header-display":"","ast-hfb-above-header-display":"","ast-hfb-below-header-display":"","ast-hfb-mobile-header-display":"","site-post-title":"","ast-breadcrumbs-content":"","ast-featured-img":"","footer-sml-layout":"","theme-transparent-header-meta":"default","adv-header-id-meta":"","stick-header-meta":"","header-above-stick-meta":"","header-main-stick-meta":"","header-below-stick-meta":"","astra-migrate-meta-layouts":"set","ast-page-background-enabled":"default","ast-page-background-meta":{"desktop":{"background-color":"","background-image":"","background-repeat":"repeat","background-position":"center center","background-size":"auto","background-attachment":"scroll","background-type":"","background-media":"","overlay-type":"","overlay-color":"","overlay-gradient":""},"tablet":{"background-color":"","background-image":"","background-repeat":"repeat","background-position":"center center","background-size":"auto","background-attachment":"scroll","background-type":"","background-media":"","overlay-type":"","overlay-color":"","overlay-gradient":""},"mobile":{"background-color":"","background-image":"","background-repeat":"repeat","background-position":"center center","background-size":"auto","background-attachment":"scroll","background-type":"","background-media":"","overlay-type":"","overlay-color":"","overlay-gradient":""}},"ast-content-background-meta":{"desktop":{"background-color":"var(--ast-global-color-5)","background-image":"","background-repeat":"repeat","background-position":"center center","background-size":"auto","background-attachment":"scroll","background-type":"","background-media":"","overlay-type":"","overlay-color":"","overlay-gradient":""},"tablet":{"background-color":"var(--ast-global-color-5)","background-image":"","background-repeat":"repeat","background-position":"center center","background-size":"auto","background-attachment":"scroll","background-type":"","background-media":"","overlay-type":"","overlay-color":"","overlay-gradient":""},"mobile":{"background-color":"var(--ast-global-color-5)","background-image":"","background-repeat":"repeat","background-position":"center center","background-size":"auto","background-attachment":"scroll","background-type":"","background-media":"","overlay-type":"","overlay-color":"","overlay-gradient":""}}},"product_cat":[93],"product_tag":[],"class_list":{"0":"post-4786","1":"product","2":"type-product","3":"status-publish","4":"has-post-thumbnail","6":"product_cat-treninkove-pomucky","7":"desktop-align-left","8":"tablet-align-left","9":"mobile-align-left","11":"first","12":"instock","13":"taxable","14":"shipping-taxable","15":"purchasable","16":"product-type-variable","17":"rtwpvg-product"},"_links":{"self":[{"href":"https:\/\/eshop.twa.cz\/eshop\/wp-json\/wp\/v2\/product\/4786","targetHints":{"allow":["GET"]}}],"collection":[{"href":"https:\/\/eshop.twa.cz\/eshop\/wp-json\/wp\/v2\/product"}],"about":[{"href":"https:\/\/eshop.twa.cz\/eshop\/wp-json\/wp\/v2\/types\/product"}],"version-history":[{"count":1,"href":"https:\/\/eshop.twa.cz\/eshop\/wp-json\/wp\/v2\/product\/4786\/revisions"}],"predecessor-version":[{"id":4788,"href":"https:\/\/eshop.twa.cz\/eshop\/wp-json\/wp\/v2\/product\/4786\/revisions\/4788"}],"wp:featuredmedia":[{"embeddable":true,"href":"https:\/\/eshop.twa.cz\/eshop\/wp-json\/wp\/v2\/media\/4787"}],"wp:attachment":[{"href":"https:\/\/eshop.twa.cz\/eshop\/wp-json\/wp\/v2\/media?parent=4786"}],"wp:term":[{"taxonomy":"product_cat","embeddable":true,"href":"https:\/\/eshop.twa.cz\/eshop\/wp-json\/wp\/v2\/product_cat?post=4786"},{"taxonomy":"product_tag","embeddable":true,"href":"https:\/\/eshop.twa.cz\/eshop\/wp-json\/wp\/v2\/product_tag?post=4786"}],"curies":[{"name":"wp","href":"https:\/\/api.w.org\/{rel}","templated":true}]}}